{"id":544,"date":"2021-04-05T18:31:29","date_gmt":"2021-04-05T18:31:29","guid":{"rendered":"http:\/\/www.seventy-nine.ca\/PF2021\/?page_id=544"},"modified":"2021-10-19T20:25:59","modified_gmt":"2021-10-19T20:25:59","slug":"print","status":"publish","type":"page","link":"http:\/\/www.seventy-nine.ca\/PF2021\/print\/","title":{"rendered":"print"},"content":{"rendered":"<p>[et_pb_section fb_built=&#8221;1&#8243; _builder_version=&#8221;4.7.7&#8243; _module_preset=&#8221;default&#8221; background_color=&#8221;#8d5ca6&#8243; custom_padding=&#8221;100px|||||&#8221;][et_pb_row _builder_version=&#8221;4.7.7&#8243; _module_preset=&#8221;default&#8221;][et_pb_column type=&#8221;4_4&#8243; _builder_version=&#8221;4.7.7&#8243; _module_preset=&#8221;default&#8221;][et_pb_text _builder_version=&#8221;4.7.7&#8243; _module_preset=&#8221;default&#8221; header_text_color=&#8221;#ffffff&#8221; animation_style=&#8221;slide&#8221; animation_direction=&#8221;top&#8221; animation_intensity_slide=&#8221;10%&#8221;]<\/p>\n<h1 style=\"text-align: center;\">print<\/h1>\n<p>[\/et_pb_text][\/et_pb_column][\/et_pb_row][\/et_pb_section][et_pb_section fb_built=&#8221;1&#8243; prev_background_color=&#8221;#8d5ca6&#8243; _builder_version=&#8221;4.7.7&#8243; _module_preset=&#8221;default&#8221; background_color=&#8221;#2acbd3&#8243; top_divider_style=&#8221;curve&#8221; bottom_divider_style=&#8221;curve&#8221; bottom_divider_color=&#8221;#ffffff&#8221; bottom_divider_flip=&#8221;horizontal&#8221; border_color_top=&#8221;#8d5ca6&#8243;][et_pb_row _builder_version=&#8221;4.7.7&#8243; _module_preset=&#8221;default&#8221; custom_padding=&#8221;100px||90px|||&#8221;][et_pb_column type=&#8221;4_4&#8243; _builder_version=&#8221;4.7.7&#8243; _module_preset=&#8221;default&#8221;][et_pb_text _builder_version=&#8221;4.7.7&#8243; _module_preset=&#8221;default&#8221; custom_margin=&#8221;88px|||||&#8221; animation_style=&#8221;slide&#8221; animation_direction=&#8221;top&#8221; animation_intensity_slide=&#8221;10%&#8221;]<\/p>\n<h3 style=\"text-align: center;\"><b>L\u2019impression de magazines<br \/>ou de catalogues est une\u00a0op\u00e9ration<br \/>extr\u00eamement couteuse<\/b><\/h3>\n<p>[\/et_pb_text][et_pb_text _builder_version=&#8221;4.7.7&#8243; _module_preset=&#8221;default&#8221; header_3_text_color=&#8221;#ffd400&#8243; custom_margin=&#8221;88px|||||&#8221; animation_style=&#8221;slide&#8221; animation_direction=&#8221;top&#8221; animation_intensity_slide=&#8221;10%&#8221;]<\/p>\n<h3 style=\"text-align: center;\">Il est imp\u00e9ratif de travailler\u00a0efficacement<br \/> \u00e0 chaque \u00e9tape de la production<\/h3>\n<p>[\/et_pb_text][et_pb_text _builder_version=&#8221;4.7.7&#8243; _module_preset=&#8221;default&#8221; header_3_text_color=&#8221;#8d5ca6&#8243; custom_margin=&#8221;88px|||||&#8221; animation_style=&#8221;slide&#8221; animation_direction=&#8221;top&#8221; animation_intensity_slide=&#8221;10%&#8221;]<\/p>\n<h3 style=\"text-align: center;\"><span><b>Faites confiance \u00e0 nos professionnels<br \/> d\u2019exp\u00e9rience pour vos projets d\u2019impression<\/b><\/span><\/h3>\n<p>[\/et_pb_text][\/et_pb_column][\/et_pb_row][\/et_pb_section][et_pb_section fb_built=&#8221;1&#8243; _builder_version=&#8221;4.7.7&#8243; _module_preset=&#8221;default&#8221; custom_margin=&#8221;60px|||||&#8221;][et_pb_row _builder_version=&#8221;4.7.7&#8243; _module_preset=&#8221;default&#8221;][et_pb_column type=&#8221;4_4&#8243; _builder_version=&#8221;4.7.7&#8243; _module_preset=&#8221;default&#8221;][et_pb_text _builder_version=&#8221;4.7.7&#8243; _module_preset=&#8221;default&#8221; custom_margin=&#8221;||60px|||&#8221;]<\/p>\n<p><span>Voici les projets d\u2019impression les plus ambitieux r\u00e9alis\u00e9s par l\u2019agence 79.<br \/><\/span><span>Voyez leur \u00e9volution et explorez les projets qui y sont reli\u00e9s&#8230;<\/span><\/p>\n<p>[\/et_pb_text][et_pb_filterable_portfolio fullwidth=&#8221;off&#8221; posts_number=&#8221;12&#8243; include_categories=&#8221;27,28,29,46&#8243; show_title=&#8221;off&#8221; show_categories=&#8221;off&#8221; zoom_icon_color=&#8221;#2acbd3&#8243; hover_overlay_color=&#8221;rgba(141,92,166,0.18)&#8221; admin_label=&#8221;project &#8211; print&#8221; _builder_version=&#8221;4.7.7&#8243; _module_preset=&#8221;default&#8221; filter_text_color=&#8221;#8d5ca6&#8243; hover_enabled=&#8221;0&#8243; border_color_all_image=&#8221;#8d5ca6&#8243; sticky_enabled=&#8221;0&#8243;][\/et_pb_filterable_portfolio][\/et_pb_column][\/et_pb_row][\/et_pb_section]<\/p>\n","protected":false},"excerpt":{"rendered":"<p>printL\u2019impression de magazinesou de catalogues est une\u00a0op\u00e9rationextr\u00eamement couteuseIl est imp\u00e9ratif de travailler\u00a0efficacement \u00e0 chaque \u00e9tape de la productionFaites confiance \u00e0 nos professionnels d\u2019exp\u00e9rience pour vos projets d\u2019impressionVoici les projets d\u2019impression les plus ambitieux r\u00e9alis\u00e9s par l\u2019agence 79.Voyez leur \u00e9volution et explorez les projets qui y sont reli\u00e9s&#8230;<\/p>\n","protected":false},"author":1,"featured_media":0,"parent":0,"menu_order":0,"comment_status":"closed","ping_status":"closed","template":"","meta":{"_et_pb_use_builder":"on","_et_pb_old_content":"","_et_gb_content_width":"","footnotes":""},"class_list":["post-544","page","type-page","status-publish","hentry"],"_links":{"self":[{"href":"http:\/\/www.seventy-nine.ca\/PF2021\/wp-json\/wp\/v2\/pages\/544","targetHints":{"allow":["GET"]}}],"collection":[{"href":"http:\/\/www.seventy-nine.ca\/PF2021\/wp-json\/wp\/v2\/pages"}],"about":[{"href":"http:\/\/www.seventy-nine.ca\/PF2021\/wp-json\/wp\/v2\/types\/page"}],"author":[{"embeddable":true,"href":"http:\/\/www.seventy-nine.ca\/PF2021\/wp-json\/wp\/v2\/users\/1"}],"replies":[{"embeddable":true,"href":"http:\/\/www.seventy-nine.ca\/PF2021\/wp-json\/wp\/v2\/comments?post=544"}],"version-history":[{"count":2,"href":"http:\/\/www.seventy-nine.ca\/PF2021\/wp-json\/wp\/v2\/pages\/544\/revisions"}],"predecessor-version":[{"id":1719,"href":"http:\/\/www.seventy-nine.ca\/PF2021\/wp-json\/wp\/v2\/pages\/544\/revisions\/1719"}],"wp:attachment":[{"href":"http:\/\/www.seventy-nine.ca\/PF2021\/wp-json\/wp\/v2\/media?parent=544"}],"curies":[{"name":"wp","href":"https:\/\/api.w.org\/{rel}","templated":true}]}}