{"id":288,"date":"2021-03-28T21:02:15","date_gmt":"2021-03-28T21:02:15","guid":{"rendered":"http:\/\/www.seventy-nine.ca\/PF2021\/?page_id=288"},"modified":"2022-08-31T20:51:13","modified_gmt":"2022-08-31T20:51:13","slug":"branding","status":"publish","type":"page","link":"http:\/\/www.seventy-nine.ca\/PF2021\/branding\/","title":{"rendered":"branding"},"content":{"rendered":"<p>[et_pb_section fb_built=&#8221;1&#8243; _builder_version=&#8221;4.7.7&#8243; _module_preset=&#8221;default&#8221; background_color=&#8221;#8d5ca6&#8243; custom_padding=&#8221;100px|||||&#8221;][et_pb_row _builder_version=&#8221;4.7.7&#8243; _module_preset=&#8221;default&#8221;][et_pb_column type=&#8221;4_4&#8243; _builder_version=&#8221;4.7.7&#8243; _module_preset=&#8221;default&#8221;][et_pb_text _builder_version=&#8221;4.7.7&#8243; _module_preset=&#8221;default&#8221; header_text_color=&#8221;#ffffff&#8221; animation_style=&#8221;slide&#8221; animation_direction=&#8221;top&#8221; animation_intensity_slide=&#8221;10%&#8221;]<\/p>\n<h1 style=\"text-align: center;\">branding<\/h1>\n<p>[\/et_pb_text][\/et_pb_column][\/et_pb_row][\/et_pb_section][et_pb_section fb_built=&#8221;1&#8243; prev_background_color=&#8221;#8d5ca6&#8243; _builder_version=&#8221;4.7.7&#8243; _module_preset=&#8221;default&#8221; background_color=&#8221;#ffd400&#8243; top_divider_style=&#8221;curve&#8221; bottom_divider_style=&#8221;curve&#8221; bottom_divider_color=&#8221;#ffffff&#8221; bottom_divider_flip=&#8221;horizontal&#8221; border_color_top=&#8221;#8d5ca6&#8243;][et_pb_row _builder_version=&#8221;4.7.7&#8243; _module_preset=&#8221;default&#8221; custom_padding=&#8221;100px||90px|||&#8221;][et_pb_column type=&#8221;4_4&#8243; _builder_version=&#8221;4.7.7&#8243; _module_preset=&#8221;default&#8221;][et_pb_text _builder_version=&#8221;4.7.7&#8243; _module_preset=&#8221;default&#8221; custom_margin=&#8221;88px|||||&#8221; animation_style=&#8221;slide&#8221; animation_direction=&#8221;top&#8221; animation_intensity_slide=&#8221;10%&#8221;]<\/p>\n<h3 style=\"text-align: center;\">La conception de votre logo<br \/>est une \u00e9tape extr\u00eamement<br \/>importante dans la construction<br \/>de votre entreprise<\/h3>\n<p>[\/et_pb_text][et_pb_text _builder_version=&#8221;4.7.7&#8243; _module_preset=&#8221;default&#8221; header_3_text_color=&#8221;#ed4e25&#8243; custom_margin=&#8221;88px|||||&#8221; animation_style=&#8221;slide&#8221; animation_direction=&#8221;top&#8221; animation_intensity_slide=&#8221;10%&#8221;]<\/p>\n<h3 style=\"text-align: center;\">Le bon logo peut faire<br \/>la diff\u00e9rence entre<br \/>l&#8217;\u00e9chec et la r\u00e9ussite<\/h3>\n<p>[\/et_pb_text][et_pb_text _builder_version=&#8221;4.7.7&#8243; _module_preset=&#8221;default&#8221; header_3_text_color=&#8221;#8d5ca6&#8243; custom_margin=&#8221;88px|||||&#8221; animation_style=&#8221;slide&#8221; animation_direction=&#8221;top&#8221; animation_intensity_slide=&#8221;10%&#8221;]<\/p>\n<h3 style=\"text-align: center;\"><b>Confiez votre r\u00e9ussite<br \/>\u00e0 des professionnels<\/b><\/h3>\n<p>[\/et_pb_text][\/et_pb_column][\/et_pb_row][\/et_pb_section][et_pb_section fb_built=&#8221;1&#8243; _builder_version=&#8221;4.7.7&#8243; _module_preset=&#8221;default&#8221; custom_margin=&#8221;60px|||||&#8221;][et_pb_row _builder_version=&#8221;4.7.7&#8243; _module_preset=&#8221;default&#8221;][et_pb_column type=&#8221;4_4&#8243; _builder_version=&#8221;4.7.7&#8243; _module_preset=&#8221;default&#8221;][et_pb_text _builder_version=&#8221;4.7.7&#8243; _module_preset=&#8221;default&#8221; custom_margin=&#8221;||60px|||&#8221;]<\/p>\n<p>Voici certains des logos r\u00e9alis\u00e9s par l&#8217;agence 79.<br \/>Comprenez leur concept et explorez les projets qui y sont reli\u00e9s&#8230;<\/p>\n<p>[\/et_pb_text][et_pb_filterable_portfolio fullwidth=&#8221;off&#8221; posts_number=&#8221;99&#8243; include_categories=&#8221;4,5,7,6&#8243; show_title=&#8221;off&#8221; show_categories=&#8221;off&#8221; zoom_icon_color=&#8221;#2acbd3&#8243; hover_overlay_color=&#8221;rgba(141,92,166,0.18)&#8221; admin_label=&#8221;project &#8211; branding&#8221; _builder_version=&#8221;4.7.7&#8243; _module_preset=&#8221;default&#8221; filter_text_color=&#8221;#8d5ca6&#8243; hover_enabled=&#8221;0&#8243; border_color_all_image=&#8221;#8d5ca6&#8243; sticky_enabled=&#8221;0&#8243;][\/et_pb_filterable_portfolio][\/et_pb_column][\/et_pb_row][\/et_pb_section]<\/p>\n","protected":false},"excerpt":{"rendered":"<p>brandingLa conception de votre logoest une \u00e9tape extr\u00eamementimportante dans la constructionde votre entrepriseLe bon logo peut fairela diff\u00e9rence entrel&#8217;\u00e9chec et la r\u00e9ussiteConfiez votre r\u00e9ussite\u00e0 des professionnelsVoici certains des logos r\u00e9alis\u00e9s par l&#8217;agence 79.Comprenez leur concept et explorez les projets qui y sont reli\u00e9s&#8230;<\/p>\n","protected":false},"author":1,"featured_media":0,"parent":0,"menu_order":0,"comment_status":"closed","ping_status":"closed","template":"","meta":{"_et_pb_use_builder":"on","_et_pb_old_content":"","_et_gb_content_width":"","footnotes":""},"class_list":["post-288","page","type-page","status-publish","hentry"],"_links":{"self":[{"href":"http:\/\/www.seventy-nine.ca\/PF2021\/wp-json\/wp\/v2\/pages\/288","targetHints":{"allow":["GET"]}}],"collection":[{"href":"http:\/\/www.seventy-nine.ca\/PF2021\/wp-json\/wp\/v2\/pages"}],"about":[{"href":"http:\/\/www.seventy-nine.ca\/PF2021\/wp-json\/wp\/v2\/types\/page"}],"author":[{"embeddable":true,"href":"http:\/\/www.seventy-nine.ca\/PF2021\/wp-json\/wp\/v2\/users\/1"}],"replies":[{"embeddable":true,"href":"http:\/\/www.seventy-nine.ca\/PF2021\/wp-json\/wp\/v2\/comments?post=288"}],"version-history":[{"count":2,"href":"http:\/\/www.seventy-nine.ca\/PF2021\/wp-json\/wp\/v2\/pages\/288\/revisions"}],"predecessor-version":[{"id":1860,"href":"http:\/\/www.seventy-nine.ca\/PF2021\/wp-json\/wp\/v2\/pages\/288\/revisions\/1860"}],"wp:attachment":[{"href":"http:\/\/www.seventy-nine.ca\/PF2021\/wp-json\/wp\/v2\/media?parent=288"}],"curies":[{"name":"wp","href":"https:\/\/api.w.org\/{rel}","templated":true}]}}