{"id":1308,"date":"2021-07-07T20:06:15","date_gmt":"2021-07-07T20:06:15","guid":{"rendered":"http:\/\/www.seventy-nine.ca\/PF2021\/?page_id=1308"},"modified":"2026-02-15T20:29:19","modified_gmt":"2026-02-15T20:29:19","slug":"kungfu","status":"publish","type":"page","link":"http:\/\/www.seventy-nine.ca\/PF2021\/a-propos\/kungfu\/","title":{"rendered":"kungfu"},"content":{"rendered":"<p>[et_pb_section fb_built=&#8221;1&#8243; next_background_color=&#8221;#ffffff&#8221; _builder_version=&#8221;4.16&#8243; _module_preset=&#8221;default&#8221; background_color=&#8221;rgba(141,92,166,0.15)&#8221; bottom_divider_style=&#8221;asymmetric&#8221; global_colors_info=&#8221;{}&#8221;][et_pb_row column_structure=&#8221;2_5,3_5&#8243; use_custom_gutter=&#8221;on&#8221; gutter_width=&#8221;1&#8243; _builder_version=&#8221;4.16&#8243; _module_preset=&#8221;default&#8221; custom_padding=&#8221;50px||0px||false|false&#8221; global_colors_info=&#8221;{}&#8221;][et_pb_column type=&#8221;2_5&#8243; _builder_version=&#8221;4.16&#8243; _module_preset=&#8221;default&#8221; global_colors_info=&#8221;{}&#8221;][et_pb_text disabled_on=&#8221;on|on|off&#8221; _builder_version=&#8221;4.16&#8243; _module_preset=&#8221;default&#8221; header_2_font_size=&#8221;40px&#8221; custom_padding=&#8221;120px|||||&#8221; global_colors_info=&#8221;{}&#8221;]<\/p>\n<h2>kung-fu<\/h2>\n<p>[\/et_pb_text][et_pb_text disabled_on=&#8221;off|off|on&#8221; _builder_version=&#8221;4.16&#8243; _module_preset=&#8221;default&#8221; header_2_text_align=&#8221;center&#8221; header_2_font_size=&#8221;33px&#8221; custom_padding=&#8221;120px|||||&#8221; global_colors_info=&#8221;{}&#8221;]<\/p>\n<h2>kung-fu<\/h2>\n<p>[\/et_pb_text][\/et_pb_column][et_pb_column type=&#8221;3_5&#8243; _builder_version=&#8221;4.16&#8243; _module_preset=&#8221;default&#8221; global_colors_info=&#8221;{}&#8221;][et_pb_image src=&#8221;http:\/\/www.seventy-nine.ca\/PF2021\/wp-content\/uploads\/kungfu.png&#8221; title_text=&#8221;kungfu&#8221; align=&#8221;center&#8221; _builder_version=&#8221;4.16&#8243; _module_preset=&#8221;default&#8221; global_colors_info=&#8221;{}&#8221;][\/et_pb_image][\/et_pb_column][\/et_pb_row][\/et_pb_section][et_pb_section fb_built=&#8221;1&#8243; _builder_version=&#8221;4.16&#8243; _module_preset=&#8221;default&#8221; custom_padding=&#8221;||160px|||&#8221; global_colors_info=&#8221;{}&#8221;][et_pb_row _builder_version=&#8221;4.16&#8243; _module_preset=&#8221;default&#8221; global_colors_info=&#8221;{}&#8221;][et_pb_column type=&#8221;4_4&#8243; _builder_version=&#8221;4.16&#8243; _module_preset=&#8221;default&#8221; global_colors_info=&#8221;{}&#8221;][et_pb_blurb title=&#8221;Wing Chun&#8221; use_icon=&#8221;on&#8221; font_icon=&#8221;&#xe033;||divi||400&#8243; icon_placement=&#8221;left&#8221; content_max_width=&#8221;80%&#8221; _builder_version=&#8221;4.16&#8243; _module_preset=&#8221;default&#8221; global_colors_info=&#8221;{}&#8221;]<\/p>\n<p>2011-2018 _ Montr\u00e9al<br \/> Liam Yee Health Club<br \/> \u203a\u00a0Siu lim tao<br \/> \u203a\u00a0Chum kiu<br \/> \u203a\u00a0Biu gee<br \/> \u203a\u00a0m\u00f9 r\u00e9n zhu\u0101ng<\/p>\n<p>[\/et_pb_blurb][\/et_pb_column][\/et_pb_row][et_pb_row _builder_version=&#8221;4.16&#8243; _module_preset=&#8221;default&#8221; global_colors_info=&#8221;{}&#8221;][et_pb_column type=&#8221;4_4&#8243; _builder_version=&#8221;4.16&#8243; _module_preset=&#8221;default&#8221; global_colors_info=&#8221;{}&#8221;][et_pb_blurb title=&#8221;Wing Chun&#8221; use_icon=&#8221;on&#8221; font_icon=&#8221;&#xe031;||divi||400&#8243; icon_placement=&#8221;left&#8221; content_max_width=&#8221;80%&#8221; _builder_version=&#8221;4.16&#8243; _module_preset=&#8221;default&#8221; global_colors_info=&#8221;{}&#8221;]<\/p>\n<p>1999-2000 _ Qu\u00e9bec<br \/> Institut Yves Laprise<br \/>\u203a\u00a0Siu lim tao<\/p>\n<p>[\/et_pb_blurb][\/et_pb_column][\/et_pb_row][\/et_pb_section]<\/p>\n","protected":false},"excerpt":{"rendered":"<p>kung-fukung-fu2011-2018 _ Montr\u00e9al Liam Yee Health Club \u203a\u00a0Siu lim tao \u203a\u00a0Chum kiu \u203a\u00a0Biu gee \u203a\u00a0m\u00f9 r\u00e9n zhu\u0101ng1999-2000 _ Qu\u00e9bec Institut Yves Laprise\u203a\u00a0Siu lim tao<\/p>\n","protected":false},"author":1,"featured_media":0,"parent":1172,"menu_order":0,"comment_status":"closed","ping_status":"closed","template":"","meta":{"_et_pb_use_builder":"on","_et_pb_old_content":"","_et_gb_content_width":"","footnotes":""},"class_list":["post-1308","page","type-page","status-publish","hentry"],"_links":{"self":[{"href":"http:\/\/www.seventy-nine.ca\/PF2021\/wp-json\/wp\/v2\/pages\/1308","targetHints":{"allow":["GET"]}}],"collection":[{"href":"http:\/\/www.seventy-nine.ca\/PF2021\/wp-json\/wp\/v2\/pages"}],"about":[{"href":"http:\/\/www.seventy-nine.ca\/PF2021\/wp-json\/wp\/v2\/types\/page"}],"author":[{"embeddable":true,"href":"http:\/\/www.seventy-nine.ca\/PF2021\/wp-json\/wp\/v2\/users\/1"}],"replies":[{"embeddable":true,"href":"http:\/\/www.seventy-nine.ca\/PF2021\/wp-json\/wp\/v2\/comments?post=1308"}],"version-history":[{"count":2,"href":"http:\/\/www.seventy-nine.ca\/PF2021\/wp-json\/wp\/v2\/pages\/1308\/revisions"}],"predecessor-version":[{"id":2081,"href":"http:\/\/www.seventy-nine.ca\/PF2021\/wp-json\/wp\/v2\/pages\/1308\/revisions\/2081"}],"up":[{"embeddable":true,"href":"http:\/\/www.seventy-nine.ca\/PF2021\/wp-json\/wp\/v2\/pages\/1172"}],"wp:attachment":[{"href":"http:\/\/www.seventy-nine.ca\/PF2021\/wp-json\/wp\/v2\/media?parent=1308"}],"curies":[{"name":"wp","href":"https:\/\/api.w.org\/{rel}","templated":true}]}}